{"id":2392,"date":"2024-02-29T13:29:59","date_gmt":"2024-02-29T13:29:59","guid":{"rendered":"https:\/\/www.immobilien-traum.ch\/kontakt\/"},"modified":"2024-06-25T13:11:25","modified_gmt":"2024-06-25T13:11:25","slug":"contact","status":"publish","type":"page","link":"https:\/\/www.immobilien-traum.ch\/nl\/contact\/","title":{"rendered":"Contact"},"content":{"rendered":"\t\t<div data-elementor-type=\"wp-page\" data-elementor-id=\"2392\" class=\"elementor elementor-2392 elementor-1019\" data-elementor-post-type=\"page\">\n\t\t\t\t<div class=\"elementor-element elementor-element-4cc6bb4 e-flex e-con-boxed e-con e-parent\" data-id=\"4cc6bb4\" data-element_type=\"container\" data-e-type=\"container\">\n\t\t\t\t\t<div class=\"e-con-inner\">\n\t\t\t\t<div class=\"elementor-element elementor-element-6cf7f19 elementor-widget elementor-widget-text-editor\" data-id=\"6cf7f19\" data-element_type=\"widget\" data-e-type=\"widget\" data-widget_type=\"text-editor.default\">\n\t\t\t\t<div class=\"elementor-widget-container\">\n\t\t\t\t\t\t\t\t\t<h1>Contact<\/h1><h6>Jouw droom &#8211; onze motivatie<\/h6>\t\t\t\t\t\t\t\t<\/div>\n\t\t\t\t<\/div>\n\t\t\t\t<div class=\"elementor-element elementor-element-3a2d54e elementor-widget elementor-widget-leadtext\" data-id=\"3a2d54e\" data-element_type=\"widget\" data-e-type=\"widget\" data-widget_type=\"leadtext.default\">\n\t\t\t\t<div class=\"elementor-widget-container\">\n\t\t\t\t\t<div class=\"lead\"><p>Immo(t)raum - dat zijn Joris Scheer en Paris Joel. Wij zijn een jong, ambitieus team met een gedeelde passie voor vastgoed. Wij zijn de juiste partner voor het kopen en verkopen van uw vastgoed. Met ons als partner wordt uw droom werkelijkheid.<\/p><\/div>\t\t\t\t<\/div>\n\t\t\t\t<\/div>\n\t\t\t\t\t<\/div>\n\t\t\t\t<\/div>\n\t\t<div class=\"elementor-element elementor-element-970ef34 section-gray section-form e-flex e-con-boxed e-con e-parent\" data-id=\"970ef34\" data-element_type=\"container\" data-e-type=\"container\">\n\t\t\t\t\t<div class=\"e-con-inner\">\n\t\t\t\t<div class=\"elementor-element elementor-element-ad5975d elementor-widget elementor-widget-text-editor\" data-id=\"ad5975d\" data-element_type=\"widget\" data-e-type=\"widget\" data-widget_type=\"text-editor.default\">\n\t\t\t\t<div class=\"elementor-widget-container\">\n\t\t\t\t\t\t\t\t\t<h3>Aanvraag sturen<\/h3>\t\t\t\t\t\t\t\t<\/div>\n\t\t\t\t<\/div>\n\t\t\t\t<div class=\"elementor-element elementor-element-a2360bc cta-form elementor-button-align-start elementor-widget elementor-widget-form\" data-id=\"a2360bc\" data-element_type=\"widget\" data-e-type=\"widget\" data-settings=\"{&quot;step_next_label&quot;:&quot;N\\u00e4chster&quot;,&quot;step_previous_label&quot;:&quot;Voriger&quot;,&quot;button_width&quot;:&quot;100&quot;,&quot;step_type&quot;:&quot;number_text&quot;,&quot;step_icon_shape&quot;:&quot;circle&quot;}\" data-widget_type=\"form.default\">\n\t\t\t\t<div class=\"elementor-widget-container\">\n\t\t\t\t\t\t\t<form class=\"elementor-form\" method=\"post\" name=\"Neues Formular\" aria-label=\"Neues Formular\">\n\t\t\t<input type=\"hidden\" name=\"post_id\" value=\"2392\"\/>\n\t\t\t<input type=\"hidden\" name=\"form_id\" value=\"a2360bc\"\/>\n\t\t\t<input type=\"hidden\" name=\"referer_title\" value=\"Immotraum GmbH \u2013 Immobilien kaufen und verkaufen im Wallis\" \/>\n\n\t\t\t\n\t\t\t<div class=\"elementor-form-fields-wrapper elementor-labels-above\">\n\t\t\t\t\t\t\t\t<div class=\"elementor-field-type-text elementor-field-group elementor-column elementor-field-group-name elementor-col-50\">\n\t\t\t\t\t\t\t\t\t\t\t\t<label for=\"form-field-name\" class=\"elementor-field-label\">\n\t\t\t\t\t\t\t\tAchternaam\t\t\t\t\t\t\t<\/label>\n\t\t\t\t\t\t\t\t\t\t\t\t\t\t<input size=\"1\" type=\"text\" name=\"form_fields[name]\" id=\"form-field-name\" class=\"elementor-field elementor-size-sm  elementor-field-textual\">\n\t\t\t\t\t\t\t\t\t\t\t<\/div>\n\t\t\t\t\t\t\t\t<div class=\"elementor-field-type-text elementor-field-group elementor-column elementor-field-group-field_10e68fc elementor-col-50\">\n\t\t\t\t\t\t\t\t\t\t\t\t<label for=\"form-field-field_10e68fc\" class=\"elementor-field-label\">\n\t\t\t\t\t\t\t\tVoornaam\t\t\t\t\t\t\t<\/label>\n\t\t\t\t\t\t\t\t\t\t\t\t\t\t<input size=\"1\" type=\"text\" name=\"form_fields[field_10e68fc]\" id=\"form-field-field_10e68fc\" class=\"elementor-field elementor-size-sm  elementor-field-textual\">\n\t\t\t\t\t\t\t\t\t\t\t<\/div>\n\t\t\t\t\t\t\t\t<div class=\"elementor-field-type-text elementor-field-group elementor-column elementor-field-group-field_46b17d8 elementor-col-50\">\n\t\t\t\t\t\t\t\t\t\t\t\t<label for=\"form-field-field_46b17d8\" class=\"elementor-field-label\">\n\t\t\t\t\t\t\t\tTelefoon\t\t\t\t\t\t\t<\/label>\n\t\t\t\t\t\t\t\t\t\t\t\t\t\t<input size=\"1\" type=\"text\" name=\"form_fields[field_46b17d8]\" id=\"form-field-field_46b17d8\" class=\"elementor-field elementor-size-sm  elementor-field-textual\">\n\t\t\t\t\t\t\t\t\t\t\t<\/div>\n\t\t\t\t\t\t\t\t<div class=\"elementor-field-type-email elementor-field-group elementor-column elementor-field-group-email elementor-col-50 elementor-field-required\">\n\t\t\t\t\t\t\t\t\t\t\t\t<label for=\"form-field-email\" class=\"elementor-field-label\">\n\t\t\t\t\t\t\t\tE-Mail\t\t\t\t\t\t\t<\/label>\n\t\t\t\t\t\t\t\t\t\t\t\t\t\t<input size=\"1\" type=\"email\" name=\"form_fields[email]\" id=\"form-field-email\" class=\"elementor-field elementor-size-sm  elementor-field-textual\" required=\"required\">\n\t\t\t\t\t\t\t\t\t\t\t<\/div>\n\t\t\t\t\t\t\t\t<div class=\"elementor-field-type-textarea elementor-field-group elementor-column elementor-field-group-message elementor-col-100\">\n\t\t\t\t\t\t\t\t\t\t\t\t<label for=\"form-field-message\" class=\"elementor-field-label\">\n\t\t\t\t\t\t\t\tuw bericht\t\t\t\t\t\t\t<\/label>\n\t\t\t\t\t\t<textarea class=\"elementor-field-textual elementor-field  elementor-size-sm\" name=\"form_fields[message]\" id=\"form-field-message\" rows=\"8\"><\/textarea>\t\t\t\t<\/div>\n\t\t\t\t\t\t\t\t<div class=\"elementor-field-type-text\">\n\t\t\t\t\t<input size=\"1\" type=\"text\" name=\"form_fields[field_617f717]\" id=\"form-field-field_617f717\" class=\"elementor-field elementor-size-sm \" style=\"display:none !important;\">\t\t\t\t<\/div>\n\t\t\t\t\t\t\t\t<div class=\"elementor-field-type-acceptance elementor-field-group elementor-column elementor-field-group-field_1978e17 elementor-col-100\">\n\t\t\t\t\t\t\t<div class=\"elementor-field-subgroup\">\n\t\t\t<span class=\"elementor-field-option\">\n\t\t\t\t<input type=\"checkbox\" name=\"form_fields[field_1978e17]\" id=\"form-field-field_1978e17\" class=\"elementor-field elementor-size-sm  elementor-acceptance-field\">\n\t\t\t\t<label for=\"form-field-field_1978e17\">Ik heb het <a href=\"https:\/\/www.immobilien-traum.ch\/nl\/privacybeleid\/\" target=\"_blank\">privacybeleid<\/a> gelezen en accepteer het.<\/label>\t\t\t<\/span>\n\t\t<\/div>\n\t\t\t\t\t\t<\/div>\n\t\t\t\t\t\t\t\t<div class=\"elementor-field-type-recaptcha elementor-field-group elementor-column elementor-field-group-field_926610e elementor-col-100\">\n\t\t\t\t\t<div class=\"elementor-field\" id=\"form-field-field_926610e\"><div class=\"elementor-g-recaptcha\" data-sitekey=\"6LfGtq0pAAAAAPuB5_I2mPkForKNprf-hK9C8Gq9\" data-type=\"v2_checkbox\" data-theme=\"light\" data-size=\"normal\"><\/div><\/div>\t\t\t\t<\/div>\n\t\t\t\t\t\t\t\t<div class=\"elementor-field-group elementor-column elementor-field-type-submit elementor-col-100 e-form__buttons\">\n\t\t\t\t\t<button class=\"elementor-button elementor-size-sm\" type=\"submit\">\n\t\t\t\t\t\t<span class=\"elementor-button-content-wrapper\">\n\t\t\t\t\t\t\t\t\t\t\t\t\t\t\t\t\t\t\t\t\t\t<span class=\"elementor-button-text\">Aanvraag sturen<\/span>\n\t\t\t\t\t\t\t\t\t\t\t\t\t<\/span>\n\t\t\t\t\t<\/button>\n\t\t\t\t<\/div>\n\t\t\t<\/div>\n\t\t<\/form>\n\t\t\t\t\t\t<\/div>\n\t\t\t\t<\/div>\n\t\t\t\t\t<\/div>\n\t\t\t\t<\/div>\n\t\t<div class=\"elementor-element elementor-element-68396c2 section-cta e-flex e-con-boxed e-con e-parent\" data-id=\"68396c2\" data-element_type=\"container\" data-e-type=\"container\">\n\t\t\t\t\t<div class=\"e-con-inner\">\n\t\t<div class=\"elementor-element elementor-element-096432b e-con-full cta-image-container e-flex e-con e-child\" data-id=\"096432b\" data-element_type=\"container\" data-e-type=\"container\">\n\t\t\t\t<div class=\"elementor-element elementor-element-e694bf0 elementor-invisible elementor-widget elementor-widget-image\" data-id=\"e694bf0\" data-element_type=\"widget\" data-e-type=\"widget\" data-settings=\"{&quot;_animation&quot;:&quot;fadeInDown&quot;}\" data-widget_type=\"image.default\">\n\t\t\t\t<div class=\"elementor-widget-container\">\n\t\t\t\t\t\t\t\t\t\t\t\t\t\t\t<img decoding=\"async\" src=\"https:\/\/www.immobilien-traum.ch\/wp-content\/uploads\/elementor\/thumbs\/Immobilientraum-Team-4-qm7rah3dq3igks42zsm0qmfwswl8mnaudkeghvj2x4.jpg\" title=\"Immobilientraum-Team\" alt=\"Immobilientraum-Team\" loading=\"lazy\" \/>\t\t\t\t\t\t\t\t\t\t\t\t\t\t\t<\/div>\n\t\t\t\t<\/div>\n\t\t\t\t<div class=\"elementor-element elementor-element-88e2b8c elementor-widget elementor-widget-text-editor\" data-id=\"88e2b8c\" data-element_type=\"widget\" data-e-type=\"widget\" data-widget_type=\"text-editor.default\">\n\t\t\t\t<div class=\"elementor-widget-container\">\n\t\t\t\t\t\t\t\t\t<p>Joris Scheer en Joel Paris<\/p>\t\t\t\t\t\t\t\t<\/div>\n\t\t\t\t<\/div>\n\t\t\t\t<\/div>\n\t\t<div class=\"elementor-element elementor-element-5f5f026 e-flex e-con-boxed e-con e-child\" data-id=\"5f5f026\" data-element_type=\"container\" data-e-type=\"container\">\n\t\t\t\t\t<div class=\"e-con-inner\">\n\t\t\t\t<div class=\"elementor-element elementor-element-ed4f187 elementor-widget__width-initial cta-content elementor-widget-mobile__width-inherit elementor-widget elementor-widget-text-editor\" data-id=\"ed4f187\" data-element_type=\"widget\" data-e-type=\"widget\" data-widget_type=\"text-editor.default\">\n\t\t\t\t<div class=\"elementor-widget-container\">\n\t\t\t\t\t\t\t\t\t<h5><strong>Vrijblijvend advies<\/strong><\/h5><p>Wij adviseren u vrijblijvend en horen graag van u.<\/p>\t\t\t\t\t\t\t\t<\/div>\n\t\t\t\t<\/div>\n\t\t<div class=\"elementor-element elementor-element-eaac52b e-flex e-con-boxed e-con e-child\" data-id=\"eaac52b\" data-element_type=\"container\" data-e-type=\"container\">\n\t\t\t\t\t<div class=\"e-con-inner\">\n\t\t\t\t<div class=\"elementor-element elementor-element-1bf1583 elementor-widget__width-auto elementor-widget elementor-widget-button\" data-id=\"1bf1583\" data-element_type=\"widget\" data-e-type=\"widget\" data-widget_type=\"button.default\">\n\t\t\t\t<div class=\"elementor-widget-container\">\n\t\t\t\t\t\t\t\t\t<div class=\"elementor-button-wrapper\">\n\t\t\t\t\t<a class=\"elementor-button elementor-button-link elementor-size-sm\" href=\"#elementor-action%3Aaction%3Dpopup%3Aopen%26settings%3DeyJpZCI6MjI5OSwidG9nZ2xlIjpmYWxzZX0%3D\">\n\t\t\t\t\t\t<span class=\"elementor-button-content-wrapper\">\n\t\t\t\t\t\t\t\t\t<span class=\"elementor-button-text\">Advies<\/span>\n\t\t\t\t\t<\/span>\n\t\t\t\t\t<\/a>\n\t\t\t\t<\/div>\n\t\t\t\t\t\t\t\t<\/div>\n\t\t\t\t<\/div>\n\t\t\t\t<div class=\"elementor-element elementor-element-107e91c elementor-widget__width-auto elementor-widget elementor-widget-button\" data-id=\"107e91c\" data-element_type=\"widget\" data-e-type=\"widget\" data-widget_type=\"button.default\">\n\t\t\t\t<div class=\"elementor-widget-container\">\n\t\t\t\t\t\t\t\t\t<div class=\"elementor-button-wrapper\">\n\t\t\t\t\t<a class=\"elementor-button elementor-button-link elementor-size-sm\" href=\"mailto:info@immobilien-traum.ch\">\n\t\t\t\t\t\t<span class=\"elementor-button-content-wrapper\">\n\t\t\t\t\t\t\t\t\t<span class=\"elementor-button-text\">E-Mail schrijven<\/span>\n\t\t\t\t\t<\/span>\n\t\t\t\t\t<\/a>\n\t\t\t\t<\/div>\n\t\t\t\t\t\t\t\t<\/div>\n\t\t\t\t<\/div>\n\t\t\t\t\t<\/div>\n\t\t\t\t<\/div>\n\t\t\t\t\t<\/div>\n\t\t\t\t<\/div>\n\t\t\t\t\t<\/div>\n\t\t\t\t<\/div>\n\t\t\t\t<\/div>\n\t\t","protected":false},"excerpt":{"rendered":"<p>Contact Jouw droom &#8211; onze motivatie Immo(t)raum &#8211; dat zijn Joris Scheer en Paris Joel. Wij zijn een jong, ambitieus team met een gedeelde passie voor vastgoed. Wij zijn de juiste partner voor het kopen en verkopen van uw vastgoed. Met ons als partner wordt uw droom werkelijkheid. Aanvraag sturen Joris Scheer en Joel Paris [&hellip;]<\/p>\n","protected":false},"author":1,"featured_media":1992,"parent":0,"menu_order":0,"comment_status":"closed","ping_status":"closed","template":"","meta":{"_acf_changed":false,"footnotes":""},"class_list":["post-2392","page","type-page","status-publish","has-post-thumbnail","hentry"],"acf":[],"yoast_head":"<!-- This site is optimized with the Yoast SEO plugin v27.3 - https:\/\/yoast.com\/product\/yoast-seo-wordpress\/ -->\n<title>Contact - Immotraum GmbH \u2013 Immobilien kaufen und verkaufen im Wallis<\/title>\n<meta name=\"description\" content=\"Kontakt \u2013 Immo(t)raum \u2013 das sind Joris Scheer und Paris Joel. Wir sind ein junges ambitioniertes Team das sich die Leidenschaft f\u00fcr Immobilien teilt. F\u00fcr den Kauf und Verkauf Ihrer Immobilie sind wir der richtige Partner. Mit uns als Partner wird Ihr Traum Realit\u00e4t.\" \/>\n<meta name=\"robots\" content=\"index, follow, max-snippet:-1, max-image-preview:large, max-video-preview:-1\" \/>\n<link rel=\"canonical\" href=\"https:\/\/www.immobilien-traum.ch\/nl\/contact\/\" \/>\n<meta property=\"og:locale\" content=\"nl_NL\" \/>\n<meta property=\"og:type\" content=\"article\" \/>\n<meta property=\"og:title\" content=\"Contact - Immotraum GmbH \u2013 Immobilien kaufen und verkaufen im Wallis\" \/>\n<meta property=\"og:description\" content=\"Kontakt \u2013 Immo(t)raum \u2013 das sind Joris Scheer und Paris Joel. Wir sind ein junges ambitioniertes Team das sich die Leidenschaft f\u00fcr Immobilien teilt. F\u00fcr den Kauf und Verkauf Ihrer Immobilie sind wir der richtige Partner. Mit uns als Partner wird Ihr Traum Realit\u00e4t.\" \/>\n<meta property=\"og:url\" content=\"https:\/\/www.immobilien-traum.ch\/nl\/contact\/\" \/>\n<meta property=\"og:site_name\" content=\"Immotraum GmbH \u2013 Immobilien kaufen und verkaufen im Wallis\" \/>\n<meta property=\"article:modified_time\" content=\"2024-06-25T13:11:25+00:00\" \/>\n<meta property=\"og:image\" content=\"https:\/\/www.immobilien-traum.ch\/wp-content\/uploads\/2024\/04\/Immotraum_GmbH_Kontakt.jpg\" \/>\n\t<meta property=\"og:image:width\" content=\"2560\" \/>\n\t<meta property=\"og:image:height\" content=\"1446\" \/>\n\t<meta property=\"og:image:type\" content=\"image\/jpeg\" \/>\n<meta name=\"twitter:card\" content=\"summary_large_image\" \/>\n<meta name=\"twitter:label1\" content=\"Geschatte leestijd\" \/>\n\t<meta name=\"twitter:data1\" content=\"1 minuut\" \/>\n<script type=\"application\/ld+json\" class=\"yoast-schema-graph\">{\"@context\":\"https:\\\/\\\/schema.org\",\"@graph\":[{\"@type\":\"WebPage\",\"@id\":\"https:\\\/\\\/www.immobilien-traum.ch\\\/nl\\\/contact\\\/\",\"url\":\"https:\\\/\\\/www.immobilien-traum.ch\\\/nl\\\/contact\\\/\",\"name\":\"Contact - Immotraum GmbH \u2013 Immobilien kaufen und verkaufen im Wallis\",\"isPartOf\":{\"@id\":\"https:\\\/\\\/www.immobilien-traum.ch\\\/#website\"},\"primaryImageOfPage\":{\"@id\":\"https:\\\/\\\/www.immobilien-traum.ch\\\/nl\\\/contact\\\/#primaryimage\"},\"image\":{\"@id\":\"https:\\\/\\\/www.immobilien-traum.ch\\\/nl\\\/contact\\\/#primaryimage\"},\"thumbnailUrl\":\"https:\\\/\\\/www.immobilien-traum.ch\\\/wp-content\\\/uploads\\\/2024\\\/04\\\/Immotraum_GmbH_Kontakt.jpg\",\"datePublished\":\"2024-02-29T13:29:59+00:00\",\"dateModified\":\"2024-06-25T13:11:25+00:00\",\"description\":\"Kontakt \u2013 Immo(t)raum \u2013 das sind Joris Scheer und Paris Joel. Wir sind ein junges ambitioniertes Team das sich die Leidenschaft f\u00fcr Immobilien teilt. F\u00fcr den Kauf und Verkauf Ihrer Immobilie sind wir der richtige Partner. Mit uns als Partner wird Ihr Traum Realit\u00e4t.\",\"breadcrumb\":{\"@id\":\"https:\\\/\\\/www.immobilien-traum.ch\\\/nl\\\/contact\\\/#breadcrumb\"},\"inLanguage\":\"nl-NL\",\"potentialAction\":[{\"@type\":\"ReadAction\",\"target\":[\"https:\\\/\\\/www.immobilien-traum.ch\\\/nl\\\/contact\\\/\"]}]},{\"@type\":\"ImageObject\",\"inLanguage\":\"nl-NL\",\"@id\":\"https:\\\/\\\/www.immobilien-traum.ch\\\/nl\\\/contact\\\/#primaryimage\",\"url\":\"https:\\\/\\\/www.immobilien-traum.ch\\\/wp-content\\\/uploads\\\/2024\\\/04\\\/Immotraum_GmbH_Kontakt.jpg\",\"contentUrl\":\"https:\\\/\\\/www.immobilien-traum.ch\\\/wp-content\\\/uploads\\\/2024\\\/04\\\/Immotraum_GmbH_Kontakt.jpg\",\"width\":2560,\"height\":1446},{\"@type\":\"BreadcrumbList\",\"@id\":\"https:\\\/\\\/www.immobilien-traum.ch\\\/nl\\\/contact\\\/#breadcrumb\",\"itemListElement\":[{\"@type\":\"ListItem\",\"position\":1,\"name\":\"Startseite\",\"item\":\"https:\\\/\\\/www.immobilien-traum.ch\\\/nl\\\/\"},{\"@type\":\"ListItem\",\"position\":2,\"name\":\"Contact\"}]},{\"@type\":\"WebSite\",\"@id\":\"https:\\\/\\\/www.immobilien-traum.ch\\\/#website\",\"url\":\"https:\\\/\\\/www.immobilien-traum.ch\\\/\",\"name\":\"Immotraum GmbH \u2013 Immobilien kaufen und verkaufen im Wallis\",\"description\":\"\",\"potentialAction\":[{\"@type\":\"SearchAction\",\"target\":{\"@type\":\"EntryPoint\",\"urlTemplate\":\"https:\\\/\\\/www.immobilien-traum.ch\\\/?s={search_term_string}\"},\"query-input\":{\"@type\":\"PropertyValueSpecification\",\"valueRequired\":true,\"valueName\":\"search_term_string\"}}],\"inLanguage\":\"nl-NL\"}]}<\/script>\n<!-- \/ Yoast SEO plugin. -->","yoast_head_json":{"title":"Contact - Immotraum GmbH \u2013 Immobilien kaufen und verkaufen im Wallis","description":"Kontakt \u2013 Immo(t)raum \u2013 das sind Joris Scheer und Paris Joel. Wir sind ein junges ambitioniertes Team das sich die Leidenschaft f\u00fcr Immobilien teilt. F\u00fcr den Kauf und Verkauf Ihrer Immobilie sind wir der richtige Partner. Mit uns als Partner wird Ihr Traum Realit\u00e4t.","robots":{"index":"index","follow":"follow","max-snippet":"max-snippet:-1","max-image-preview":"max-image-preview:large","max-video-preview":"max-video-preview:-1"},"canonical":"https:\/\/www.immobilien-traum.ch\/nl\/contact\/","og_locale":"nl_NL","og_type":"article","og_title":"Contact - Immotraum GmbH \u2013 Immobilien kaufen und verkaufen im Wallis","og_description":"Kontakt \u2013 Immo(t)raum \u2013 das sind Joris Scheer und Paris Joel. Wir sind ein junges ambitioniertes Team das sich die Leidenschaft f\u00fcr Immobilien teilt. F\u00fcr den Kauf und Verkauf Ihrer Immobilie sind wir der richtige Partner. Mit uns als Partner wird Ihr Traum Realit\u00e4t.","og_url":"https:\/\/www.immobilien-traum.ch\/nl\/contact\/","og_site_name":"Immotraum GmbH \u2013 Immobilien kaufen und verkaufen im Wallis","article_modified_time":"2024-06-25T13:11:25+00:00","og_image":[{"width":2560,"height":1446,"url":"https:\/\/www.immobilien-traum.ch\/wp-content\/uploads\/2024\/04\/Immotraum_GmbH_Kontakt.jpg","type":"image\/jpeg"}],"twitter_card":"summary_large_image","twitter_misc":{"Geschatte leestijd":"1 minuut"},"schema":{"@context":"https:\/\/schema.org","@graph":[{"@type":"WebPage","@id":"https:\/\/www.immobilien-traum.ch\/nl\/contact\/","url":"https:\/\/www.immobilien-traum.ch\/nl\/contact\/","name":"Contact - Immotraum GmbH \u2013 Immobilien kaufen und verkaufen im Wallis","isPartOf":{"@id":"https:\/\/www.immobilien-traum.ch\/#website"},"primaryImageOfPage":{"@id":"https:\/\/www.immobilien-traum.ch\/nl\/contact\/#primaryimage"},"image":{"@id":"https:\/\/www.immobilien-traum.ch\/nl\/contact\/#primaryimage"},"thumbnailUrl":"https:\/\/www.immobilien-traum.ch\/wp-content\/uploads\/2024\/04\/Immotraum_GmbH_Kontakt.jpg","datePublished":"2024-02-29T13:29:59+00:00","dateModified":"2024-06-25T13:11:25+00:00","description":"Kontakt \u2013 Immo(t)raum \u2013 das sind Joris Scheer und Paris Joel. Wir sind ein junges ambitioniertes Team das sich die Leidenschaft f\u00fcr Immobilien teilt. F\u00fcr den Kauf und Verkauf Ihrer Immobilie sind wir der richtige Partner. Mit uns als Partner wird Ihr Traum Realit\u00e4t.","breadcrumb":{"@id":"https:\/\/www.immobilien-traum.ch\/nl\/contact\/#breadcrumb"},"inLanguage":"nl-NL","potentialAction":[{"@type":"ReadAction","target":["https:\/\/www.immobilien-traum.ch\/nl\/contact\/"]}]},{"@type":"ImageObject","inLanguage":"nl-NL","@id":"https:\/\/www.immobilien-traum.ch\/nl\/contact\/#primaryimage","url":"https:\/\/www.immobilien-traum.ch\/wp-content\/uploads\/2024\/04\/Immotraum_GmbH_Kontakt.jpg","contentUrl":"https:\/\/www.immobilien-traum.ch\/wp-content\/uploads\/2024\/04\/Immotraum_GmbH_Kontakt.jpg","width":2560,"height":1446},{"@type":"BreadcrumbList","@id":"https:\/\/www.immobilien-traum.ch\/nl\/contact\/#breadcrumb","itemListElement":[{"@type":"ListItem","position":1,"name":"Startseite","item":"https:\/\/www.immobilien-traum.ch\/nl\/"},{"@type":"ListItem","position":2,"name":"Contact"}]},{"@type":"WebSite","@id":"https:\/\/www.immobilien-traum.ch\/#website","url":"https:\/\/www.immobilien-traum.ch\/","name":"Immotraum GmbH \u2013 Immobilien kaufen und verkaufen im Wallis","description":"","potentialAction":[{"@type":"SearchAction","target":{"@type":"EntryPoint","urlTemplate":"https:\/\/www.immobilien-traum.ch\/?s={search_term_string}"},"query-input":{"@type":"PropertyValueSpecification","valueRequired":true,"valueName":"search_term_string"}}],"inLanguage":"nl-NL"}]}},"_links":{"self":[{"href":"https:\/\/www.immobilien-traum.ch\/nl\/wp-json\/wp\/v2\/pages\/2392","targetHints":{"allow":["GET"]}}],"collection":[{"href":"https:\/\/www.immobilien-traum.ch\/nl\/wp-json\/wp\/v2\/pages"}],"about":[{"href":"https:\/\/www.immobilien-traum.ch\/nl\/wp-json\/wp\/v2\/types\/page"}],"author":[{"embeddable":true,"href":"https:\/\/www.immobilien-traum.ch\/nl\/wp-json\/wp\/v2\/users\/1"}],"replies":[{"embeddable":true,"href":"https:\/\/www.immobilien-traum.ch\/nl\/wp-json\/wp\/v2\/comments?post=2392"}],"version-history":[{"count":4,"href":"https:\/\/www.immobilien-traum.ch\/nl\/wp-json\/wp\/v2\/pages\/2392\/revisions"}],"predecessor-version":[{"id":2400,"href":"https:\/\/www.immobilien-traum.ch\/nl\/wp-json\/wp\/v2\/pages\/2392\/revisions\/2400"}],"wp:featuredmedia":[{"embeddable":true,"href":"https:\/\/www.immobilien-traum.ch\/nl\/wp-json\/wp\/v2\/media\/1992"}],"wp:attachment":[{"href":"https:\/\/www.immobilien-traum.ch\/nl\/wp-json\/wp\/v2\/media?parent=2392"}],"curies":[{"name":"wp","href":"https:\/\/api.w.org\/{rel}","templated":true}]}}