{"id":2377,"date":"2024-02-29T13:30:22","date_gmt":"2024-02-29T13:30:22","guid":{"rendered":"https:\/\/www.immobilien-traum.ch\/immobilie-verkaufen\/"},"modified":"2024-06-25T13:07:05","modified_gmt":"2024-06-25T13:07:05","slug":"sell-property","status":"publish","type":"page","link":"https:\/\/www.immobilien-traum.ch\/en\/sell-property\/","title":{"rendered":"Sell Property"},"content":{"rendered":"\t\t<div data-elementor-type=\"wp-page\" data-elementor-id=\"2377\" class=\"elementor elementor-2377 elementor-1021\" data-elementor-post-type=\"page\">\n\t\t\t\t<div class=\"elementor-element elementor-element-4cc6bb4 e-flex e-con-boxed e-con e-parent\" data-id=\"4cc6bb4\" data-element_type=\"container\" data-e-type=\"container\">\n\t\t\t\t\t<div class=\"e-con-inner\">\n\t\t\t\t<div class=\"elementor-element elementor-element-6cf7f19 elementor-widget elementor-widget-text-editor\" data-id=\"6cf7f19\" data-element_type=\"widget\" data-e-type=\"widget\" data-widget_type=\"text-editor.default\">\n\t\t\t\t<div class=\"elementor-widget-container\">\n\t\t\t\t\t\t\t\t\t<h1>Sell your property<\/h1><h6>We sell your property<\/h6>\t\t\t\t\t\t\t\t<\/div>\n\t\t\t\t<\/div>\n\t\t\t\t<div class=\"elementor-element elementor-element-3a2d54e elementor-widget elementor-widget-leadtext\" data-id=\"3a2d54e\" data-element_type=\"widget\" data-e-type=\"widget\" data-widget_type=\"leadtext.default\">\n\t\t\t\t<div class=\"elementor-widget-container\">\n\t\t\t\t\t<div class=\"lead\"><p>Just find a buyer? No, we want to find the right buyer for you. A buyer who suits your property and shares the same passion for it as you do. We can help you achieve this goal. Contact us and we'll walk the path together.<\/p><\/div>\t\t\t\t<\/div>\n\t\t\t\t<\/div>\n\t\t\t\t\t<\/div>\n\t\t\t\t<\/div>\n\t\t<div class=\"elementor-element elementor-element-970ef34 section-gray section-form e-flex e-con-boxed e-con e-parent\" data-id=\"970ef34\" data-element_type=\"container\" data-e-type=\"container\">\n\t\t\t\t\t<div class=\"e-con-inner\">\n\t\t\t\t<div class=\"elementor-element elementor-element-ad5975d elementor-widget elementor-widget-text-editor\" data-id=\"ad5975d\" data-element_type=\"widget\" data-e-type=\"widget\" data-widget_type=\"text-editor.default\">\n\t\t\t\t<div class=\"elementor-widget-container\">\n\t\t\t\t\t\t\t\t\t<h3>Send request<\/h3>\t\t\t\t\t\t\t\t<\/div>\n\t\t\t\t<\/div>\n\t\t\t\t<div class=\"elementor-element elementor-element-e9eec14 cta-form elementor-button-align-start elementor-widget elementor-widget-form\" data-id=\"e9eec14\" data-element_type=\"widget\" data-e-type=\"widget\" data-settings=\"{&quot;step_next_label&quot;:&quot;N\\u00e4chster&quot;,&quot;step_previous_label&quot;:&quot;Voriger&quot;,&quot;button_width&quot;:&quot;100&quot;,&quot;step_type&quot;:&quot;number_text&quot;,&quot;step_icon_shape&quot;:&quot;circle&quot;}\" data-widget_type=\"form.default\">\n\t\t\t\t<div class=\"elementor-widget-container\">\n\t\t\t\t\t\t\t<form class=\"elementor-form\" method=\"post\" name=\"Neues Formular\" aria-label=\"Neues Formular\">\n\t\t\t<input type=\"hidden\" name=\"post_id\" value=\"2377\"\/>\n\t\t\t<input type=\"hidden\" name=\"form_id\" value=\"e9eec14\"\/>\n\t\t\t<input type=\"hidden\" name=\"referer_title\" value=\"Immotraum GmbH \u2013 Immobilien kaufen und verkaufen im Wallis\" \/>\n\n\t\t\t\n\t\t\t<div class=\"elementor-form-fields-wrapper elementor-labels-above\">\n\t\t\t\t\t\t\t\t<div class=\"elementor-field-type-text elementor-field-group elementor-column elementor-field-group-name elementor-col-50 elementor-field-required\">\n\t\t\t\t\t\t\t\t\t\t\t\t<label for=\"form-field-name\" class=\"elementor-field-label\">\n\t\t\t\t\t\t\t\tSurname\t\t\t\t\t\t\t<\/label>\n\t\t\t\t\t\t\t\t\t\t\t\t\t\t<input size=\"1\" type=\"text\" name=\"form_fields[name]\" id=\"form-field-name\" class=\"elementor-field elementor-size-sm  elementor-field-textual\" required=\"required\">\n\t\t\t\t\t\t\t\t\t\t\t<\/div>\n\t\t\t\t\t\t\t\t<div class=\"elementor-field-type-text elementor-field-group elementor-column elementor-field-group-field_10e68fc elementor-col-50 elementor-field-required\">\n\t\t\t\t\t\t\t\t\t\t\t\t<label for=\"form-field-field_10e68fc\" class=\"elementor-field-label\">\n\t\t\t\t\t\t\t\tFirst name\t\t\t\t\t\t\t<\/label>\n\t\t\t\t\t\t\t\t\t\t\t\t\t\t<input size=\"1\" type=\"text\" name=\"form_fields[field_10e68fc]\" id=\"form-field-field_10e68fc\" class=\"elementor-field elementor-size-sm  elementor-field-textual\" required=\"required\">\n\t\t\t\t\t\t\t\t\t\t\t<\/div>\n\t\t\t\t\t\t\t\t<div class=\"elementor-field-type-text elementor-field-group elementor-column elementor-field-group-field_46b17d8 elementor-col-50\">\n\t\t\t\t\t\t\t\t\t\t\t\t<label for=\"form-field-field_46b17d8\" class=\"elementor-field-label\">\n\t\t\t\t\t\t\t\tTelephone\t\t\t\t\t\t\t<\/label>\n\t\t\t\t\t\t\t\t\t\t\t\t\t\t<input size=\"1\" type=\"text\" name=\"form_fields[field_46b17d8]\" id=\"form-field-field_46b17d8\" class=\"elementor-field elementor-size-sm  elementor-field-textual\">\n\t\t\t\t\t\t\t\t\t\t\t<\/div>\n\t\t\t\t\t\t\t\t<div class=\"elementor-field-type-email elementor-field-group elementor-column elementor-field-group-email elementor-col-50 elementor-field-required\">\n\t\t\t\t\t\t\t\t\t\t\t\t<label for=\"form-field-email\" class=\"elementor-field-label\">\n\t\t\t\t\t\t\t\tEmail\t\t\t\t\t\t\t<\/label>\n\t\t\t\t\t\t\t\t\t\t\t\t\t\t<input size=\"1\" type=\"email\" name=\"form_fields[email]\" id=\"form-field-email\" class=\"elementor-field elementor-size-sm  elementor-field-textual\" required=\"required\">\n\t\t\t\t\t\t\t\t\t\t\t<\/div>\n\t\t\t\t\t\t\t\t<div class=\"elementor-field-type-text elementor-field-group elementor-column elementor-field-group-field_9482f3d elementor-col-50 elementor-field-required\">\n\t\t\t\t\t\t\t\t\t\t\t\t<label for=\"form-field-field_9482f3d\" class=\"elementor-field-label\">\n\t\t\t\t\t\t\t\tAddress\t\t\t\t\t\t\t<\/label>\n\t\t\t\t\t\t\t\t\t\t\t\t\t\t<input size=\"1\" type=\"text\" name=\"form_fields[field_9482f3d]\" id=\"form-field-field_9482f3d\" class=\"elementor-field elementor-size-sm  elementor-field-textual\" required=\"required\">\n\t\t\t\t\t\t\t\t\t\t\t<\/div>\n\t\t\t\t\t\t\t\t<div class=\"elementor-field-type-text elementor-field-group elementor-column elementor-field-group-field_8fc3b9d elementor-col-50 elementor-field-required\">\n\t\t\t\t\t\t\t\t\t\t\t\t<label for=\"form-field-field_8fc3b9d\" class=\"elementor-field-label\">\n\t\t\t\t\t\t\t\tPostcode \/ town\t\t\t\t\t\t\t<\/label>\n\t\t\t\t\t\t\t\t\t\t\t\t\t\t<input size=\"1\" type=\"text\" name=\"form_fields[field_8fc3b9d]\" id=\"form-field-field_8fc3b9d\" class=\"elementor-field elementor-size-sm  elementor-field-textual\" required=\"required\">\n\t\t\t\t\t\t\t\t\t\t\t<\/div>\n\t\t\t\t\t\t\t\t<div class=\"elementor-field-type-textarea elementor-field-group elementor-column elementor-field-group-message elementor-col-100\">\n\t\t\t\t\t\t\t\t\t\t\t\t<label for=\"form-field-message\" class=\"elementor-field-label\">\n\t\t\t\t\t\t\t\tYour message\t\t\t\t\t\t\t<\/label>\n\t\t\t\t\t\t<textarea class=\"elementor-field-textual elementor-field  elementor-size-sm\" name=\"form_fields[message]\" id=\"form-field-message\" rows=\"8\"><\/textarea>\t\t\t\t<\/div>\n\t\t\t\t\t\t\t\t<div class=\"elementor-field-type-text\">\n\t\t\t\t\t<input size=\"1\" type=\"text\" name=\"form_fields[field_617f717]\" id=\"form-field-field_617f717\" class=\"elementor-field elementor-size-sm \" style=\"display:none !important;\">\t\t\t\t<\/div>\n\t\t\t\t\t\t\t\t<div class=\"elementor-field-type-acceptance elementor-field-group elementor-column elementor-field-group-field_1978e17 elementor-col-100\">\n\t\t\t\t\t\t\t<div class=\"elementor-field-subgroup\">\n\t\t\t<span class=\"elementor-field-option\">\n\t\t\t\t<input type=\"checkbox\" name=\"form_fields[field_1978e17]\" id=\"form-field-field_1978e17\" class=\"elementor-field elementor-size-sm  elementor-acceptance-field\">\n\t\t\t\t<label for=\"form-field-field_1978e17\">I have read the <a href=\"https:\/\/www.immobilien-traum.ch\/en\/data-protection\/\" target=\"_blank\">privacy policy<\/a> and accept it.<\/label>\t\t\t<\/span>\n\t\t<\/div>\n\t\t\t\t\t\t<\/div>\n\t\t\t\t\t\t\t\t<div class=\"elementor-field-type-recaptcha elementor-field-group elementor-column elementor-field-group-field_98d7d19 elementor-col-100\">\n\t\t\t\t\t<div class=\"elementor-field\" id=\"form-field-field_98d7d19\"><div class=\"elementor-g-recaptcha\" data-sitekey=\"6LfGtq0pAAAAAPuB5_I2mPkForKNprf-hK9C8Gq9\" data-type=\"v2_checkbox\" data-theme=\"light\" data-size=\"normal\"><\/div><\/div>\t\t\t\t<\/div>\n\t\t\t\t\t\t\t\t<div class=\"elementor-field-group elementor-column elementor-field-type-submit elementor-col-100 e-form__buttons\">\n\t\t\t\t\t<button class=\"elementor-button elementor-size-sm\" type=\"submit\">\n\t\t\t\t\t\t<span class=\"elementor-button-content-wrapper\">\n\t\t\t\t\t\t\t\t\t\t\t\t\t\t\t\t\t\t\t\t\t\t<span class=\"elementor-button-text\">Send<\/span>\n\t\t\t\t\t\t\t\t\t\t\t\t\t<\/span>\n\t\t\t\t\t<\/button>\n\t\t\t\t<\/div>\n\t\t\t<\/div>\n\t\t<\/form>\n\t\t\t\t\t\t<\/div>\n\t\t\t\t<\/div>\n\t\t\t\t\t<\/div>\n\t\t\t\t<\/div>\n\t\t<div class=\"elementor-element elementor-element-5354db0 section-cta e-flex e-con-boxed e-con e-parent\" data-id=\"5354db0\" data-element_type=\"container\" data-e-type=\"container\">\n\t\t\t\t\t<div class=\"e-con-inner\">\n\t\t<div class=\"elementor-element elementor-element-52d4821 e-con-full cta-image-container e-flex e-con e-child\" data-id=\"52d4821\" data-element_type=\"container\" data-e-type=\"container\">\n\t\t\t\t<div class=\"elementor-element elementor-element-b6202b6 elementor-invisible elementor-widget elementor-widget-image\" data-id=\"b6202b6\" data-element_type=\"widget\" data-e-type=\"widget\" data-settings=\"{&quot;_animation&quot;:&quot;fadeInDown&quot;}\" data-widget_type=\"image.default\">\n\t\t\t\t<div class=\"elementor-widget-container\">\n\t\t\t\t\t\t\t\t\t\t\t\t\t\t\t<img decoding=\"async\" src=\"https:\/\/www.immobilien-traum.ch\/wp-content\/uploads\/elementor\/thumbs\/Immobilientraum-Team-4-qm7rah3dq3igks42zsm0qmfwswl8mnaudkeghvj2x4.jpg\" title=\"Immobilientraum-Team\" alt=\"Immobilientraum-Team\" loading=\"lazy\" \/>\t\t\t\t\t\t\t\t\t\t\t\t\t\t\t<\/div>\n\t\t\t\t<\/div>\n\t\t\t\t<div class=\"elementor-element elementor-element-9c7acaf elementor-widget elementor-widget-text-editor\" data-id=\"9c7acaf\" data-element_type=\"widget\" data-e-type=\"widget\" data-widget_type=\"text-editor.default\">\n\t\t\t\t<div class=\"elementor-widget-container\">\n\t\t\t\t\t\t\t\t\t<p>Joris Scheer and Joel Paris<\/p>\t\t\t\t\t\t\t\t<\/div>\n\t\t\t\t<\/div>\n\t\t\t\t<\/div>\n\t\t<div class=\"elementor-element elementor-element-f3a9abb e-flex e-con-boxed e-con e-child\" data-id=\"f3a9abb\" data-element_type=\"container\" data-e-type=\"container\">\n\t\t\t\t\t<div class=\"e-con-inner\">\n\t\t\t\t<div class=\"elementor-element elementor-element-16b488f elementor-widget__width-initial cta-content elementor-widget-mobile__width-inherit elementor-widget elementor-widget-text-editor\" data-id=\"16b488f\" data-element_type=\"widget\" data-e-type=\"widget\" data-widget_type=\"text-editor.default\">\n\t\t\t\t<div class=\"elementor-widget-container\">\n\t\t\t\t\t\t\t\t\t<h5>Non-binding consultation<\/h5><p>We would be happy to advise you without obligation and look forward to hearing from you.<\/p>\t\t\t\t\t\t\t\t<\/div>\n\t\t\t\t<\/div>\n\t\t<div class=\"elementor-element elementor-element-6bea331 e-flex e-con-boxed e-con e-child\" data-id=\"6bea331\" data-element_type=\"container\" data-e-type=\"container\">\n\t\t\t\t\t<div class=\"e-con-inner\">\n\t\t\t\t<div class=\"elementor-element elementor-element-ebbce92 elementor-widget__width-auto elementor-widget elementor-widget-button\" data-id=\"ebbce92\" data-element_type=\"widget\" data-e-type=\"widget\" data-widget_type=\"button.default\">\n\t\t\t\t<div class=\"elementor-widget-container\">\n\t\t\t\t\t\t\t\t\t<div class=\"elementor-button-wrapper\">\n\t\t\t\t\t<a class=\"elementor-button elementor-button-link elementor-size-sm\" href=\"#elementor-action%3Aaction%3Dpopup%3Aopen%26settings%3DeyJpZCI6MjMwMCwidG9nZ2xlIjpmYWxzZX0%3D\">\n\t\t\t\t\t\t<span class=\"elementor-button-content-wrapper\">\n\t\t\t\t\t\t\t\t\t<span class=\"elementor-button-text\">Consultation<\/span>\n\t\t\t\t\t<\/span>\n\t\t\t\t\t<\/a>\n\t\t\t\t<\/div>\n\t\t\t\t\t\t\t\t<\/div>\n\t\t\t\t<\/div>\n\t\t\t\t<div class=\"elementor-element elementor-element-6307c1c elementor-widget__width-auto elementor-widget elementor-widget-button\" data-id=\"6307c1c\" data-element_type=\"widget\" data-e-type=\"widget\" data-widget_type=\"button.default\">\n\t\t\t\t<div class=\"elementor-widget-container\">\n\t\t\t\t\t\t\t\t\t<div class=\"elementor-button-wrapper\">\n\t\t\t\t\t<a class=\"elementor-button elementor-button-link elementor-size-sm\" href=\"mailto:info@immobilien-traum.ch\">\n\t\t\t\t\t\t<span class=\"elementor-button-content-wrapper\">\n\t\t\t\t\t\t\t\t\t<span class=\"elementor-button-text\">write an Email<\/span>\n\t\t\t\t\t<\/span>\n\t\t\t\t\t<\/a>\n\t\t\t\t<\/div>\n\t\t\t\t\t\t\t\t<\/div>\n\t\t\t\t<\/div>\n\t\t\t\t\t<\/div>\n\t\t\t\t<\/div>\n\t\t\t\t\t<\/div>\n\t\t\t\t<\/div>\n\t\t\t\t\t<\/div>\n\t\t\t\t<\/div>\n\t\t\t\t<\/div>\n\t\t","protected":false},"excerpt":{"rendered":"<p>Sell your property We sell your property Just find a buyer? No, we want to find the right buyer for you. A buyer who suits your property and shares the same passion for it as you do. We can help you achieve this goal. Contact us and we&#8217;ll walk the path together. Send request Joris [&hellip;]<\/p>\n","protected":false},"author":1,"featured_media":1989,"parent":0,"menu_order":0,"comment_status":"closed","ping_status":"closed","template":"","meta":{"_acf_changed":false,"footnotes":""},"class_list":["post-2377","page","type-page","status-publish","has-post-thumbnail","hentry"],"acf":[],"yoast_head":"<!-- This site is optimized with the Yoast SEO plugin v27.3 - https:\/\/yoast.com\/product\/yoast-seo-wordpress\/ -->\n<title>Sell Property - Immotraum GmbH \u2013 Immobilien kaufen und verkaufen im Wallis<\/title>\n<meta name=\"description\" content=\"Wir verkaufen Ihre Immobilie \u2013 Wir wollen f\u00fcr Sie den richtigen K\u00e4ufer finden. Ein K\u00e4ufer, der f\u00fcr Sie zu Ihrer Immobilie passt und die gleiche Leidenschaft daf\u00fcr teilt wie Sie.\" \/>\n<meta name=\"robots\" content=\"index, follow, max-snippet:-1, max-image-preview:large, max-video-preview:-1\" \/>\n<link rel=\"canonical\" href=\"https:\/\/www.immobilien-traum.ch\/nl\/eigendom-verkopen\/\" \/>\n<meta property=\"og:locale\" content=\"en_US\" \/>\n<meta property=\"og:type\" content=\"article\" \/>\n<meta property=\"og:title\" content=\"Sell Property - Immotraum GmbH \u2013 Immobilien kaufen und verkaufen im Wallis\" \/>\n<meta property=\"og:description\" content=\"Wir verkaufen Ihre Immobilie \u2013 Wir wollen f\u00fcr Sie den richtigen K\u00e4ufer finden. Ein K\u00e4ufer, der f\u00fcr Sie zu Ihrer Immobilie passt und die gleiche Leidenschaft daf\u00fcr teilt wie Sie.\" \/>\n<meta property=\"og:url\" content=\"https:\/\/www.immobilien-traum.ch\/nl\/eigendom-verkopen\/\" \/>\n<meta property=\"og:site_name\" content=\"Immotraum GmbH \u2013 Immobilien kaufen und verkaufen im Wallis\" \/>\n<meta property=\"article:modified_time\" content=\"2024-06-25T13:07:05+00:00\" \/>\n<meta property=\"og:image\" content=\"https:\/\/www.immobilien-traum.ch\/wp-content\/uploads\/2024\/04\/Immotraum_GmbH_Immobilie_verkaufen.jpg\" \/>\n\t<meta property=\"og:image:width\" content=\"2560\" \/>\n\t<meta property=\"og:image:height\" content=\"1709\" \/>\n\t<meta property=\"og:image:type\" content=\"image\/jpeg\" \/>\n<meta name=\"twitter:card\" content=\"summary_large_image\" \/>\n<meta name=\"twitter:label1\" content=\"Est. reading time\" \/>\n\t<meta name=\"twitter:data1\" content=\"1 minute\" \/>\n<script type=\"application\/ld+json\" class=\"yoast-schema-graph\">{\"@context\":\"https:\\\/\\\/schema.org\",\"@graph\":[{\"@type\":\"WebPage\",\"@id\":\"https:\\\/\\\/www.immobilien-traum.ch\\\/nl\\\/eigendom-verkopen\\\/\",\"url\":\"https:\\\/\\\/www.immobilien-traum.ch\\\/nl\\\/eigendom-verkopen\\\/\",\"name\":\"Sell Property - Immotraum GmbH \u2013 Immobilien kaufen und verkaufen im Wallis\",\"isPartOf\":{\"@id\":\"https:\\\/\\\/www.immobilien-traum.ch\\\/#website\"},\"primaryImageOfPage\":{\"@id\":\"https:\\\/\\\/www.immobilien-traum.ch\\\/nl\\\/eigendom-verkopen\\\/#primaryimage\"},\"image\":{\"@id\":\"https:\\\/\\\/www.immobilien-traum.ch\\\/nl\\\/eigendom-verkopen\\\/#primaryimage\"},\"thumbnailUrl\":\"https:\\\/\\\/www.immobilien-traum.ch\\\/wp-content\\\/uploads\\\/2024\\\/04\\\/Immotraum_GmbH_Immobilie_verkaufen.jpg\",\"datePublished\":\"2024-02-29T13:30:22+00:00\",\"dateModified\":\"2024-06-25T13:07:05+00:00\",\"description\":\"Wir verkaufen Ihre Immobilie \u2013 Wir wollen f\u00fcr Sie den richtigen K\u00e4ufer finden. Ein K\u00e4ufer, der f\u00fcr Sie zu Ihrer Immobilie passt und die gleiche Leidenschaft daf\u00fcr teilt wie Sie.\",\"breadcrumb\":{\"@id\":\"https:\\\/\\\/www.immobilien-traum.ch\\\/nl\\\/eigendom-verkopen\\\/#breadcrumb\"},\"inLanguage\":\"en-US\",\"potentialAction\":[{\"@type\":\"ReadAction\",\"target\":[\"https:\\\/\\\/www.immobilien-traum.ch\\\/nl\\\/eigendom-verkopen\\\/\"]}]},{\"@type\":\"ImageObject\",\"inLanguage\":\"en-US\",\"@id\":\"https:\\\/\\\/www.immobilien-traum.ch\\\/nl\\\/eigendom-verkopen\\\/#primaryimage\",\"url\":\"https:\\\/\\\/www.immobilien-traum.ch\\\/wp-content\\\/uploads\\\/2024\\\/04\\\/Immotraum_GmbH_Immobilie_verkaufen.jpg\",\"contentUrl\":\"https:\\\/\\\/www.immobilien-traum.ch\\\/wp-content\\\/uploads\\\/2024\\\/04\\\/Immotraum_GmbH_Immobilie_verkaufen.jpg\",\"width\":2560,\"height\":1709},{\"@type\":\"BreadcrumbList\",\"@id\":\"https:\\\/\\\/www.immobilien-traum.ch\\\/nl\\\/eigendom-verkopen\\\/#breadcrumb\",\"itemListElement\":[{\"@type\":\"ListItem\",\"position\":1,\"name\":\"Startseite\",\"item\":\"https:\\\/\\\/www.immobilien-traum.ch\\\/en\\\/\"},{\"@type\":\"ListItem\",\"position\":2,\"name\":\"Sell Property\"}]},{\"@type\":\"WebSite\",\"@id\":\"https:\\\/\\\/www.immobilien-traum.ch\\\/#website\",\"url\":\"https:\\\/\\\/www.immobilien-traum.ch\\\/\",\"name\":\"Immotraum GmbH \u2013 Immobilien kaufen und verkaufen im Wallis\",\"description\":\"\",\"potentialAction\":[{\"@type\":\"SearchAction\",\"target\":{\"@type\":\"EntryPoint\",\"urlTemplate\":\"https:\\\/\\\/www.immobilien-traum.ch\\\/?s={search_term_string}\"},\"query-input\":{\"@type\":\"PropertyValueSpecification\",\"valueRequired\":true,\"valueName\":\"search_term_string\"}}],\"inLanguage\":\"en-US\"}]}<\/script>\n<!-- \/ Yoast SEO plugin. -->","yoast_head_json":{"title":"Sell Property - Immotraum GmbH \u2013 Immobilien kaufen und verkaufen im Wallis","description":"Wir verkaufen Ihre Immobilie \u2013 Wir wollen f\u00fcr Sie den richtigen K\u00e4ufer finden. Ein K\u00e4ufer, der f\u00fcr Sie zu Ihrer Immobilie passt und die gleiche Leidenschaft daf\u00fcr teilt wie Sie.","robots":{"index":"index","follow":"follow","max-snippet":"max-snippet:-1","max-image-preview":"max-image-preview:large","max-video-preview":"max-video-preview:-1"},"canonical":"https:\/\/www.immobilien-traum.ch\/nl\/eigendom-verkopen\/","og_locale":"en_US","og_type":"article","og_title":"Sell Property - Immotraum GmbH \u2013 Immobilien kaufen und verkaufen im Wallis","og_description":"Wir verkaufen Ihre Immobilie \u2013 Wir wollen f\u00fcr Sie den richtigen K\u00e4ufer finden. Ein K\u00e4ufer, der f\u00fcr Sie zu Ihrer Immobilie passt und die gleiche Leidenschaft daf\u00fcr teilt wie Sie.","og_url":"https:\/\/www.immobilien-traum.ch\/nl\/eigendom-verkopen\/","og_site_name":"Immotraum GmbH \u2013 Immobilien kaufen und verkaufen im Wallis","article_modified_time":"2024-06-25T13:07:05+00:00","og_image":[{"width":2560,"height":1709,"url":"https:\/\/www.immobilien-traum.ch\/wp-content\/uploads\/2024\/04\/Immotraum_GmbH_Immobilie_verkaufen.jpg","type":"image\/jpeg"}],"twitter_card":"summary_large_image","twitter_misc":{"Est. reading time":"1 minute"},"schema":{"@context":"https:\/\/schema.org","@graph":[{"@type":"WebPage","@id":"https:\/\/www.immobilien-traum.ch\/nl\/eigendom-verkopen\/","url":"https:\/\/www.immobilien-traum.ch\/nl\/eigendom-verkopen\/","name":"Sell Property - Immotraum GmbH \u2013 Immobilien kaufen und verkaufen im Wallis","isPartOf":{"@id":"https:\/\/www.immobilien-traum.ch\/#website"},"primaryImageOfPage":{"@id":"https:\/\/www.immobilien-traum.ch\/nl\/eigendom-verkopen\/#primaryimage"},"image":{"@id":"https:\/\/www.immobilien-traum.ch\/nl\/eigendom-verkopen\/#primaryimage"},"thumbnailUrl":"https:\/\/www.immobilien-traum.ch\/wp-content\/uploads\/2024\/04\/Immotraum_GmbH_Immobilie_verkaufen.jpg","datePublished":"2024-02-29T13:30:22+00:00","dateModified":"2024-06-25T13:07:05+00:00","description":"Wir verkaufen Ihre Immobilie \u2013 Wir wollen f\u00fcr Sie den richtigen K\u00e4ufer finden. Ein K\u00e4ufer, der f\u00fcr Sie zu Ihrer Immobilie passt und die gleiche Leidenschaft daf\u00fcr teilt wie Sie.","breadcrumb":{"@id":"https:\/\/www.immobilien-traum.ch\/nl\/eigendom-verkopen\/#breadcrumb"},"inLanguage":"en-US","potentialAction":[{"@type":"ReadAction","target":["https:\/\/www.immobilien-traum.ch\/nl\/eigendom-verkopen\/"]}]},{"@type":"ImageObject","inLanguage":"en-US","@id":"https:\/\/www.immobilien-traum.ch\/nl\/eigendom-verkopen\/#primaryimage","url":"https:\/\/www.immobilien-traum.ch\/wp-content\/uploads\/2024\/04\/Immotraum_GmbH_Immobilie_verkaufen.jpg","contentUrl":"https:\/\/www.immobilien-traum.ch\/wp-content\/uploads\/2024\/04\/Immotraum_GmbH_Immobilie_verkaufen.jpg","width":2560,"height":1709},{"@type":"BreadcrumbList","@id":"https:\/\/www.immobilien-traum.ch\/nl\/eigendom-verkopen\/#breadcrumb","itemListElement":[{"@type":"ListItem","position":1,"name":"Startseite","item":"https:\/\/www.immobilien-traum.ch\/en\/"},{"@type":"ListItem","position":2,"name":"Sell Property"}]},{"@type":"WebSite","@id":"https:\/\/www.immobilien-traum.ch\/#website","url":"https:\/\/www.immobilien-traum.ch\/","name":"Immotraum GmbH \u2013 Immobilien kaufen und verkaufen im Wallis","description":"","potentialAction":[{"@type":"SearchAction","target":{"@type":"EntryPoint","urlTemplate":"https:\/\/www.immobilien-traum.ch\/?s={search_term_string}"},"query-input":{"@type":"PropertyValueSpecification","valueRequired":true,"valueName":"search_term_string"}}],"inLanguage":"en-US"}]}},"_links":{"self":[{"href":"https:\/\/www.immobilien-traum.ch\/en\/wp-json\/wp\/v2\/pages\/2377","targetHints":{"allow":["GET"]}}],"collection":[{"href":"https:\/\/www.immobilien-traum.ch\/en\/wp-json\/wp\/v2\/pages"}],"about":[{"href":"https:\/\/www.immobilien-traum.ch\/en\/wp-json\/wp\/v2\/types\/page"}],"author":[{"embeddable":true,"href":"https:\/\/www.immobilien-traum.ch\/en\/wp-json\/wp\/v2\/users\/1"}],"replies":[{"embeddable":true,"href":"https:\/\/www.immobilien-traum.ch\/en\/wp-json\/wp\/v2\/comments?post=2377"}],"version-history":[{"count":5,"href":"https:\/\/www.immobilien-traum.ch\/en\/wp-json\/wp\/v2\/pages\/2377\/revisions"}],"predecessor-version":[{"id":2388,"href":"https:\/\/www.immobilien-traum.ch\/en\/wp-json\/wp\/v2\/pages\/2377\/revisions\/2388"}],"wp:featuredmedia":[{"embeddable":true,"href":"https:\/\/www.immobilien-traum.ch\/en\/wp-json\/wp\/v2\/media\/1989"}],"wp:attachment":[{"href":"https:\/\/www.immobilien-traum.ch\/en\/wp-json\/wp\/v2\/media?parent=2377"}],"curies":[{"name":"wp","href":"https:\/\/api.w.org\/{rel}","templated":true}]}}